{"id":702,"date":"2025-04-11T12:43:30","date_gmt":"2025-04-11T10:43:30","guid":{"rendered":"https:\/\/www.aratagioielli.it\/index.php\/home\/"},"modified":"2025-10-27T10:44:56","modified_gmt":"2025-10-27T09:44:56","slug":"home","status":"publish","type":"page","link":"https:\/\/www.aratagioielli.it\/","title":{"rendered":"Home"},"content":{"rendered":"\n  \n    <section class=\"u-clearfix u-section-1\" id=\"block-1\">\n      <div class=\"u-clearfix u-sheet u-valign-middle u-sheet-1\">\n        <div class=\"u-expanded-width u-uploaded-video u-video u-video-1\">\n          <div class=\"embed-responsive\">\n            <video class=\"embed-responsive-item\" data-autoplay=\"1\" loop=\"\" muted=\"1\" autoplay=\"autoplay\" playsinline=\"\">\n              <source src=\"https:\/\/www.aratagioielli.it\/wp-content\/uploads\/2025\/04\/6263486-hd_1920_1080_25fps-3-3.mp4\" type=\"video\/mp4\">\n              <p>Your browser does not support HTML5 video.<\/p>\n            <\/video>\n          <\/div>\n        <\/div>\n        <h1 class=\"u-custom-font u-text u-text-default u-text-white u-text-1\"> Arata gioielli<\/h1>\n        <p class=\"u-custom-font u-large-text u-text u-text-default u-text-variant u-text-white u-text-2\"> vero am\u200bore dal&nbsp;1952 <\/p>\n        <a href=\"https:\/\/www.aratagioielli.it\/index.php\/chi-siamo\/\" class=\"u-border-2 u-border-hover-custom-color-4 u-border-white u-btn u-button-style u-custom-font u-hover-custom-color-1 u-text-body-color u-text-hover-white u-white u-btn-1\" title=\"Chi siamo\">Chi siamo <\/a>\n      <\/div>\n    <\/section>\n    <section class=\"u-clearfix u-section-2\" id=\"block-2\">\n      <div class=\"u-clearfix u-sheet u-valign-middle u-sheet-1\">\n        <img decoding=\"async\" class=\"u-image u-image-default u-image-1\" src=\"https:\/\/www.aratagioielli.it\/wp-content\/uploads\/2025\/04\/1ANELLOPERSITOPAOLO-1.png\" alt=\"\" data-image-width=\"681\" data-image-height=\"725\">\n        <h2 class=\"u-align-center-xs u-custom-font u-text u-text-default-lg u-text-default-md u-text-default-sm u-text-default-xl u-text-1\"> Esclusivi Gioielli Italiani<\/h2>\n        <p class=\"u-align-center-md u-align-center-sm u-align-center-xs u-custom-font u-large-text u-text u-text-variant u-text-2\"> Siamo orgogliosi di offrire gioielli unici, frutto di maestria artigianale e attenzione ai dettagli, esaltando la bellezza delle pietre preziose e garantendo la massima professionalit\u00e0.<\/p>\n        <a href=\"https:\/\/www.aratagioielli.it\/index.php\/lista_prodotti\/\" class=\"u-border-1 u-border-grey-75 u-btn u-button-style u-custom-font u-hover-custom-color-1 u-white u-btn-1\" title=\"Negozio\">Scopri di piu <\/a>\n      <\/div>\n    <\/section>\n    <section class=\"u-clearfix u-custom-color-1 u-section-3\" id=\"block-3\">\n      <div class=\"u-clearfix u-sheet u-valign-middle u-sheet-1\">\n        <img decoding=\"async\" class=\"u-image u-image-contain u-image-default u-preserve-proportions u-image-1\" src=\"https:\/\/www.aratagioielli.it\/wp-content\/uploads\/2025\/04\/diamond-3.svg\" alt=\"\" data-image-width=\"48\" data-image-height=\"48\">\n        <h3 class=\"u-custom-font u-text u-text-default u-text-1\"> Gioielli di Alta Qualit\u00e0<\/h3>\n        <p class=\"u-align-center u-custom-font u-large-text u-text u-text-variant u-text-2\"> Nel nostro atelier di Valenza, cuore della produzione italiana di gioielli pregiati, realizziamo esclusivamente gioielli in platino e oro (750\/1000, 18 kt e 950\/1000, 22,8 kt) con gemme naturali selezionate con cura.<\/p>\n        <a href=\"https:\/\/www.aratagioielli.it\/index.php\/chi-siamo\/\" class=\"u-border-1 u-border-white u-btn u-button-style u-custom-color-3 u-custom-font u-hover-white u-text-body-alt-color u-text-hover-black u-btn-1\" title=\"Chi siamo\">Scopri di piu <\/a>\n      <\/div>\n    <\/section>\n    <section class=\"u-clearfix u-section-4\" id=\"sec-4b26\">\n      <div class=\"u-clearfix u-sheet u-sheet-1\">\n        <img decoding=\"async\" class=\"u-image u-image-default u-image-1\" src=\"https:\/\/www.aratagioielli.it\/wp-content\/uploads\/2025\/04\/2ANELLOPERSITOPAOLO-1.png\" alt=\"\" data-image-width=\"681\" data-image-height=\"725\">\n        <h2 class=\"u-custom-font u-text u-text-1\"> Un emblema di prest\u200bigio e stile<\/h2>\n        <p class=\"u-custom-font u-large-text u-text u-text-variant u-text-2\"> Scopri Arata Gioielli: metalli pregiati, cura nei dettagli e artigiani esperti. Ogni gioiello \u00e8 certificato e contrassegnato per garantire autenticit\u00e0 e qualit\u00e0 eccellente.<\/p>\n        <a href=\"https:\/\/www.aratagioielli.it\/index.php\/lista_prodotti\/\" class=\"u-border-1 u-border-grey-75 u-btn u-button-style u-custom-font u-hover-custom-color-1 u-white u-btn-1\" title=\"Negozio\">Scopri di piu <\/a>\n      <\/div>\n    <\/section>\n    \n    \n    \n    \n  \n","protected":false},"excerpt":{"rendered":"<p>Your browser does not support HTML5 video. Arata gioielli vero am\u200bore dal&nbsp;1952 Chi siamo Esclusivi Gioielli Italiani Siamo orgogliosi di offrire gioielli unici, frutto di maestria artigianale e attenzione ai dettagli, esaltando la bellezza delle pietre preziose e garantendo la massima professionalit\u00e0. Scopri di piu Gioielli di Alta Qualit\u00e0 Nel nostro atelier di Valenza, cuore &hellip; <a href=\"https:\/\/www.aratagioielli.it\/\" class=\"more-link\">Continue reading<span class=\"screen-reader-text\"> &#8220;Home&#8221;<\/span><\/a><\/p>\n","protected":false},"author":1,"featured_media":0,"parent":0,"menu_order":2,"comment_status":"closed","ping_status":"closed","template":"","meta":{"footnotes":""},"class_list":["post-702","page","type-page","status-publish","hentry"],"_links":{"self":[{"href":"https:\/\/www.aratagioielli.it\/index.php\/wp-json\/wp\/v2\/pages\/702","targetHints":{"allow":["GET"]}}],"collection":[{"href":"https:\/\/www.aratagioielli.it\/index.php\/wp-json\/wp\/v2\/pages"}],"about":[{"href":"https:\/\/www.aratagioielli.it\/index.php\/wp-json\/wp\/v2\/types\/page"}],"author":[{"embeddable":true,"href":"https:\/\/www.aratagioielli.it\/index.php\/wp-json\/wp\/v2\/users\/1"}],"replies":[{"embeddable":true,"href":"https:\/\/www.aratagioielli.it\/index.php\/wp-json\/wp\/v2\/comments?post=702"}],"version-history":[{"count":31,"href":"https:\/\/www.aratagioielli.it\/index.php\/wp-json\/wp\/v2\/pages\/702\/revisions"}],"predecessor-version":[{"id":1336,"href":"https:\/\/www.aratagioielli.it\/index.php\/wp-json\/wp\/v2\/pages\/702\/revisions\/1336"}],"wp:attachment":[{"href":"https:\/\/www.aratagioielli.it\/index.php\/wp-json\/wp\/v2\/media?parent=702"}],"curies":[{"name":"wp","href":"https:\/\/api.w.org\/{rel}","templated":true}]}}